{"id":269,"date":"2024-06-21T06:44:27","date_gmt":"2024-06-21T06:44:27","guid":{"rendered":"https:\/\/coreat.81d1.com\/?post_type=product&#038;p=269"},"modified":"2025-12-03T07:26:27","modified_gmt":"2025-12-03T07:26:27","slug":"%e5%a4%a7%e9%97%b4%e8%b7%9d%e4%b8%80%e4%bd%93%e5%bc%8f%e5%8f%8c%e5%90%8a%e7%82%b9%e8%87%aa%e5%8a%a8%e6%8e%92%e7%bb%b3%e5%8d%87%e9%99%8d%e6%9c%ba","status":"publish","type":"product","link":"https:\/\/coreat.vnlee.com\/pt\/product\/%e5%a4%a7%e9%97%b4%e8%b7%9d%e4%b8%80%e4%bd%93%e5%bc%8f%e5%8f%8c%e5%90%8a%e7%82%b9%e8%87%aa%e5%8a%a8%e6%8e%92%e7%bb%b3%e5%8d%87%e9%99%8d%e6%9c%ba\/","title":{"rendered":"Elevador autom\u00e1tico de corda com ponto de eleva\u00e7\u00e3o duplo integrado com grande espa\u00e7amento"},"content":{"rendered":"","protected":false},"excerpt":{"rendered":"","protected":false},"featured_media":1152,"template":"","product-category":[8],"class_list":["post-269","product","type-product","status-publish","has-post-thumbnail","hentry","product-category-machine"],"acf":[],"_links":{"self":[{"href":"https:\/\/coreat.vnlee.com\/pt\/wp-json\/wp\/v2\/product\/269","targetHints":{"allow":["GET"]}}],"collection":[{"href":"https:\/\/coreat.vnlee.com\/pt\/wp-json\/wp\/v2\/product"}],"about":[{"href":"https:\/\/coreat.vnlee.com\/pt\/wp-json\/wp\/v2\/types\/product"}],"wp:featuredmedia":[{"embeddable":true,"href":"https:\/\/coreat.vnlee.com\/pt\/wp-json\/wp\/v2\/media\/1152"}],"wp:attachment":[{"href":"https:\/\/coreat.vnlee.com\/pt\/wp-json\/wp\/v2\/media?parent=269"}],"wp:term":[{"taxonomy":"product-category","embeddable":true,"href":"https:\/\/coreat.vnlee.com\/pt\/wp-json\/wp\/v2\/product-category?post=269"}],"curies":[{"name":"wp","href":"https:\/\/api.w.org\/{rel}","templated":true}]}}