{"id":142,"date":"2024-05-29T06:49:40","date_gmt":"2024-05-29T06:49:40","guid":{"rendered":"https:\/\/coreat.81d1.com\/?post_type=product&#038;p=142"},"modified":"2024-09-20T06:01:50","modified_gmt":"2024-09-20T06:01:50","slug":"%e7%8e%af%e9%93%be%e7%94%b5%e5%8a%a8%e8%91%ab%e8%8a%a6-v05","status":"publish","type":"product","link":"https:\/\/coreat.vnlee.com\/pt\/product\/%e7%8e%af%e9%93%be%e7%94%b5%e5%8a%a8%e8%91%ab%e8%8a%a6-v05\/","title":{"rendered":"Talha el\u00e9trica de corrente V05"},"content":{"rendered":"","protected":false},"excerpt":{"rendered":"<p>A talha el\u00e9trica de corrente V05 tem carga nominal de 500kg e velocidade de eleva\u00e7\u00e3o de 4m\/min. \u00c9 a talha el\u00e9trica fundida em liga de alum\u00ednio de alta qualidade de 4\u00aa gera\u00e7\u00e3o, com padr\u00f5es europeus e estilo de design europeu. \u00c9 nova e bonita, f\u00e1cil de instalar e usar e f\u00e1cil de operar. Possui um design estrutural de grau de prote\u00e7\u00e3o IP66 e um cofre. e sistema de freio patenteado est\u00e1vel, D8 ou D8 PLUS Standard (opcional), equipado com sistema operacional inteligente, tornando o levantamento e suspens\u00e3o de performances inteligentes e simples.<\/p>","protected":false},"featured_media":125,"template":"","product-category":[3],"class_list":["post-142","product","type-product","status-publish","has-post-thumbnail","hentry","product-category-hoist"],"acf":[],"_links":{"self":[{"href":"https:\/\/coreat.vnlee.com\/pt\/wp-json\/wp\/v2\/product\/142","targetHints":{"allow":["GET"]}}],"collection":[{"href":"https:\/\/coreat.vnlee.com\/pt\/wp-json\/wp\/v2\/product"}],"about":[{"href":"https:\/\/coreat.vnlee.com\/pt\/wp-json\/wp\/v2\/types\/product"}],"wp:featuredmedia":[{"embeddable":true,"href":"https:\/\/coreat.vnlee.com\/pt\/wp-json\/wp\/v2\/media\/125"}],"wp:attachment":[{"href":"https:\/\/coreat.vnlee.com\/pt\/wp-json\/wp\/v2\/media?parent=142"}],"wp:term":[{"taxonomy":"product-category","embeddable":true,"href":"https:\/\/coreat.vnlee.com\/pt\/wp-json\/wp\/v2\/product-category?post=142"}],"curies":[{"name":"wp","href":"https:\/\/api.w.org\/{rel}","templated":true}]}}