{"id":111,"date":"2024-05-29T05:57:33","date_gmt":"2024-05-29T05:57:33","guid":{"rendered":"https:\/\/coreat.81d1.com\/?post_type=product&#038;p=111"},"modified":"2024-09-20T06:01:18","modified_gmt":"2024-09-20T06:01:18","slug":"%e7%8e%af%e9%93%be%e7%94%b5%e5%8a%a8%e8%91%ab%e8%8a%a6-c10","status":"publish","type":"product","link":"https:\/\/coreat.vnlee.com\/pt\/product\/%e7%8e%af%e9%93%be%e7%94%b5%e5%8a%a8%e8%91%ab%e8%8a%a6-c10\/","title":{"rendered":"Talha el\u00e9trica de corrente C10"},"content":{"rendered":"","protected":false},"excerpt":{"rendered":"<p>A talha el\u00e9trica de corrente C10 tem carga nominal de 1000kg e velocidade de eleva\u00e7\u00e3o de 4m\/min. \u00c9 a 4\u00aa gera\u00e7\u00e3o de talha el\u00e9trica fundida em liga de alum\u00ednio de alta qualidade, padr\u00e3o europeu, estilo de design europeu, novo e bonito, f\u00e1cil de instalar e usar, f\u00e1cil de operar, design estrutural com grau de prote\u00e7\u00e3o IP66, sistema de freio patenteado seguro e est\u00e1vel, D8 ou padr\u00e3o D8 PLUS (Opcional), equipado com sistema operacional inteligente, tornando o desempenho de levantamento e suspens\u00e3o inteligente e simples.<\/p>","protected":false},"featured_media":121,"template":"","product-category":[3],"class_list":["post-111","product","type-product","status-publish","has-post-thumbnail","hentry","product-category-hoist"],"acf":[],"_links":{"self":[{"href":"https:\/\/coreat.vnlee.com\/pt\/wp-json\/wp\/v2\/product\/111","targetHints":{"allow":["GET"]}}],"collection":[{"href":"https:\/\/coreat.vnlee.com\/pt\/wp-json\/wp\/v2\/product"}],"about":[{"href":"https:\/\/coreat.vnlee.com\/pt\/wp-json\/wp\/v2\/types\/product"}],"wp:featuredmedia":[{"embeddable":true,"href":"https:\/\/coreat.vnlee.com\/pt\/wp-json\/wp\/v2\/media\/121"}],"wp:attachment":[{"href":"https:\/\/coreat.vnlee.com\/pt\/wp-json\/wp\/v2\/media?parent=111"}],"wp:term":[{"taxonomy":"product-category","embeddable":true,"href":"https:\/\/coreat.vnlee.com\/pt\/wp-json\/wp\/v2\/product-category?post=111"}],"curies":[{"name":"wp","href":"https:\/\/api.w.org\/{rel}","templated":true}]}}