{"id":33,"date":"2024-05-05T07:17:36","date_gmt":"2024-05-05T07:17:36","guid":{"rendered":"https:\/\/coreat.81d1.com\/?page_id=33"},"modified":"2024-09-26T07:14:57","modified_gmt":"2024-09-26T07:14:57","slug":"about","status":"publish","type":"page","link":"https:\/\/coreat.vnlee.com\/pt\/about\/","title":{"rendered":"sobre n\u00f3s"},"content":{"rendered":"<p><strong> Equipamento de palco Co. de Guangdong Kelibao, Ltd.<\/strong>, com uma moderna f\u00e1brica em estilo jardim com mais de 5.000 metros quadrados. Desde a sua cria\u00e7\u00e3o em 2012, com sua excelente qualidade e inova\u00e7\u00e3o tecnol\u00f3gica, desenvolveu-se gradualmente em m\u00e1quinas e equipamentos inteligentes de est\u00e1gio profissional integrando P&amp;D, design, produ\u00e7\u00e3o, vendas,. Empresa de instala\u00e7\u00e3o, comissionamento e servi\u00e7os t\u00e9cnicos, a empresa adere \u00e0 sua longa heran\u00e7a hist\u00f3rica e rica experi\u00eancia na ind\u00fastria para fornecer m\u00e1quinas e equipamentos de palco inteligentes extraordin\u00e1rios para clientes nacionais e estrangeiros.<br><br> A empresa possui uma equipe t\u00e9cnica profissional e equipamentos de produ\u00e7\u00e3o de primeira classe, e sempre considera a inova\u00e7\u00e3o tecnol\u00f3gica como a principal for\u00e7a motriz para o desenvolvimento empresarial. Com anos de acumula\u00e7\u00e3o de experi\u00eancia e inova\u00e7\u00e3o tecnol\u00f3gica, forneceu m\u00e1quinas e equipamentos de palco de alta qualidade para diversos produtos dom\u00e9sticos. e projetos de engenharia estrangeiros. N\u00f3s Implementamos um gerenciamento de qualidade rigoroso e passamos pela certifica\u00e7\u00e3o CE internacional da UE, testes SGS e testes nacionais de qualidade de m\u00e1quinas de eleva\u00e7\u00e3o e transporte. Os produtos incluem m\u00e1quinas inteligentes internas e externas, elevadores de desempenho de alta velocidade, m\u00e1quinas de desempenho de fios, m\u00e1quinas din\u00e2micas criativas de tela LED, palcos de eleva\u00e7\u00e3o, suportes telesc\u00f3picos, talhas el\u00e9tricas CNC, etc.; bares de entretenimento, locais de festas, salas de exposi\u00e7\u00f5es, apresenta\u00e7\u00f5es m\u00f3veis, projetos de turismo cultural e outros campos; m\u00e1quinas de palco, talhas el\u00e9tricas e outros produtos s\u00e3o exportados para mais de 50 pa\u00edses e regi\u00f5es na Europa, Am\u00e9rica, \u00c1sia, Austr\u00e1lia, \u00c1frica, etc.; e alcan\u00e7ou pesquisas cient\u00edficas significativas em muitos aspectos. Como resultado, ganhou uma s\u00e9rie de tecnologias patenteadas e forneceu solu\u00e7\u00f5es completas para clientes nacionais e estrangeiros.<br><br> A empresa ganhou o reconhecimento da ind\u00fastria por sua excelente qualidade e padr\u00f5es rigorosos e foi elogiada por todas as esferas da vida. \u00c9 a unidade governante da C\u00e2mara de Com\u00e9rcio da Ind\u00fastria de Equipamentos para Artes C\u00eanicas de Guangdong e a unidade de presidente executivo do Comit\u00ea Profissional de Equipamentos para Artes C\u00eanicas. da C\u00e2mara de Com\u00e9rcio de Guangxi, na prov\u00edncia de Guangdong. Produtos de alta qualidade e servi\u00e7os excelentes s\u00e3o muito bem-vindos e respeitados por usu\u00e1rios profissionais internacionalmente.<\/p>","protected":false},"excerpt":{"rendered":"<p>Guangdong Kelibao Stage Equipment Co., Ltd. possui um moderno edif\u00edcio fabril em estilo jardim com mais de 5.000 metros quadrados desde a sua cria\u00e7\u00e3o em 2012, com sua excelente qualidade e tecnologia [...]<\/p>","protected":false},"author":1,"featured_media":0,"parent":0,"menu_order":0,"comment_status":"closed","ping_status":"closed","template":"","meta":{"_acf_changed":false,"footnotes":""},"class_list":["post-33","page","type-page","status-publish","hentry"],"acf":[],"_links":{"self":[{"href":"https:\/\/coreat.vnlee.com\/pt\/wp-json\/wp\/v2\/pages\/33","targetHints":{"allow":["GET"]}}],"collection":[{"href":"https:\/\/coreat.vnlee.com\/pt\/wp-json\/wp\/v2\/pages"}],"about":[{"href":"https:\/\/coreat.vnlee.com\/pt\/wp-json\/wp\/v2\/types\/page"}],"author":[{"embeddable":true,"href":"https:\/\/coreat.vnlee.com\/pt\/wp-json\/wp\/v2\/users\/1"}],"replies":[{"embeddable":true,"href":"https:\/\/coreat.vnlee.com\/pt\/wp-json\/wp\/v2\/comments?post=33"}],"version-history":[{"count":28,"href":"https:\/\/coreat.vnlee.com\/pt\/wp-json\/wp\/v2\/pages\/33\/revisions"}],"predecessor-version":[{"id":1045,"href":"https:\/\/coreat.vnlee.com\/pt\/wp-json\/wp\/v2\/pages\/33\/revisions\/1045"}],"wp:attachment":[{"href":"https:\/\/coreat.vnlee.com\/pt\/wp-json\/wp\/v2\/media?parent=33"}],"curies":[{"name":"wp","href":"https:\/\/api.w.org\/{rel}","templated":true}]}}