{"id":140,"date":"2024-05-29T06:48:49","date_gmt":"2024-05-29T06:48:49","guid":{"rendered":"https:\/\/coreat.81d1.com\/?post_type=product&#038;p=140"},"modified":"2024-09-20T02:55:54","modified_gmt":"2024-09-20T02:55:54","slug":"%e7%8e%af%e9%93%be%e7%94%b5%e5%8a%a8%e8%91%ab%e8%8a%a6-e10","status":"publish","type":"product","link":"https:\/\/coreat.vnlee.com\/es\/product\/%e7%8e%af%e9%93%be%e7%94%b5%e5%8a%a8%e8%91%ab%e8%8a%a6-e10\/","title":{"rendered":"Polipasto el\u00e9ctrico de cadena E10"},"content":{"rendered":"","protected":false},"excerpt":{"rendered":"<p>Polipasto el\u00e9ctrico de cadena E10, carga nominal 1000 kg, velocidad de elevaci\u00f3n 4 m\/min. Adopta una carcasa de hierro, un sistema de frenado patentado seguro y estable y est\u00e1 equipado con un sistema operativo inteligente para simplificar el levantamiento y suspensi\u00f3n de las actuaciones.<\/p>","protected":false},"featured_media":122,"template":"","product-category":[3],"class_list":["post-140","product","type-product","status-publish","has-post-thumbnail","hentry","product-category-hoist"],"acf":[],"_links":{"self":[{"href":"https:\/\/coreat.vnlee.com\/es\/wp-json\/wp\/v2\/product\/140","targetHints":{"allow":["GET"]}}],"collection":[{"href":"https:\/\/coreat.vnlee.com\/es\/wp-json\/wp\/v2\/product"}],"about":[{"href":"https:\/\/coreat.vnlee.com\/es\/wp-json\/wp\/v2\/types\/product"}],"wp:featuredmedia":[{"embeddable":true,"href":"https:\/\/coreat.vnlee.com\/es\/wp-json\/wp\/v2\/media\/122"}],"wp:attachment":[{"href":"https:\/\/coreat.vnlee.com\/es\/wp-json\/wp\/v2\/media?parent=140"}],"wp:term":[{"taxonomy":"product-category","embeddable":true,"href":"https:\/\/coreat.vnlee.com\/es\/wp-json\/wp\/v2\/product-category?post=140"}],"curies":[{"name":"wp","href":"https:\/\/api.w.org\/{rel}","templated":true}]}}