{"id":33,"date":"2024-05-05T07:17:36","date_gmt":"2024-05-05T07:17:36","guid":{"rendered":"https:\/\/coreat.81d1.com\/?page_id=33"},"modified":"2024-09-26T07:14:57","modified_gmt":"2024-09-26T07:14:57","slug":"about","status":"publish","type":"page","link":"https:\/\/coreat.vnlee.com\/es\/about\/","title":{"rendered":"sobre nosotros"},"content":{"rendered":"<p><strong> Equipo de escenario Co., Ltd. de Guangdong Kelibao<\/strong>, con una moderna f\u00e1brica estilo jard\u00edn de m\u00e1s de 5.000 metros cuadrados Desde su creaci\u00f3n en 2012, con su excelente calidad e innovaci\u00f3n tecnol\u00f3gica, se ha convertido gradualmente en una etapa profesional de maquinaria y equipos inteligentes que integran I + D, dise\u00f1o, producci\u00f3n, ventas. Instalaci\u00f3n, puesta en marcha y servicios t\u00e9cnicos. Empresa de fabricaci\u00f3n, la empresa se adhiere a su larga herencia hist\u00f3rica y rica experiencia en la industria para proporcionar maquinaria y equipos de escenario inteligentes extraordinarios para clientes nacionales y extranjeros.<br><br> La empresa cuenta con un equipo t\u00e9cnico profesional y equipos de producci\u00f3n de primera clase, y siempre considera la innovaci\u00f3n tecnol\u00f3gica como la principal fuerza impulsora para el desarrollo empresarial. Con a\u00f1os de experiencia acumulada e innovaci\u00f3n tecnol\u00f3gica, ha proporcionado maquinaria y equipos esc\u00e9nicos de alta calidad para diversos sectores nacionales. y proyectos de ingenier\u00eda extranjeros. Implementamos una estricta gesti\u00f3n de calidad y hemos pasado la certificaci\u00f3n CE internacional de la UE, las pruebas SGS y las pruebas de calidad nacionales de maquinaria de elevaci\u00f3n y transporte. Los productos incluyen maquinaria inteligente para interiores y exteriores, elevadores de alto rendimiento, maquinaria para desempe\u00f1o de cables, maquinaria din\u00e1mica creativa con pantalla LED, escenarios de elevaci\u00f3n, soportes telesc\u00f3picos, polipastos el\u00e9ctricos CNC, etc., y se utilizan ampliamente en auditorios, teatros, estudios, estadios, etc. bares de entretenimiento, lugares para fiestas, salas de exposiciones, espect\u00e1culos m\u00f3viles, proyectos de turismo cultural y otros campos, maquinaria esc\u00e9nica, polipastos el\u00e9ctricos y otros productos se exportan a m\u00e1s de 50 pa\u00edses y regiones de Europa, Am\u00e9rica, Asia, Australia, \u00c1frica, etc.; y ha logrado una importante investigaci\u00f3n cient\u00edfica en muchos aspectos. Como resultado, ha obtenido una serie de tecnolog\u00edas patentadas y ha proporcionado soluciones integrales para clientes nacionales y extranjeros.<br><br> La compa\u00f1\u00eda ha ganado el reconocimiento de la industria por su excelente calidad y sus estrictos est\u00e1ndares y ha sido elogiada por todos los \u00e1mbitos de la vida. Es la unidad rectora de la C\u00e1mara de Comercio de la Industria de Equipos para Artes Esc\u00e9nicas de Guangdong y la unidad del presidente ejecutivo del Comit\u00e9 Profesional de Equipos para Artes Esc\u00e9nicas. de la C\u00e1mara de Comercio de Guangxi en la provincia de Guangdong. Los productos de alta calidad y los excelentes servicios son muy bienvenidos y respetados por los usuarios profesionales a nivel internacional.<\/p>","protected":false},"excerpt":{"rendered":"<p>Guangdong Kelibao Stage Equipment Co., Ltd. tiene una moderna f\u00e1brica estilo jard\u00edn de m\u00e1s de 5.000 metros cuadrados desde su creaci\u00f3n en 2012, con su excelente calidad y tecnolog\u00eda.<\/p>","protected":false},"author":1,"featured_media":0,"parent":0,"menu_order":0,"comment_status":"closed","ping_status":"closed","template":"","meta":{"_acf_changed":false,"footnotes":""},"class_list":["post-33","page","type-page","status-publish","hentry"],"acf":[],"_links":{"self":[{"href":"https:\/\/coreat.vnlee.com\/es\/wp-json\/wp\/v2\/pages\/33","targetHints":{"allow":["GET"]}}],"collection":[{"href":"https:\/\/coreat.vnlee.com\/es\/wp-json\/wp\/v2\/pages"}],"about":[{"href":"https:\/\/coreat.vnlee.com\/es\/wp-json\/wp\/v2\/types\/page"}],"author":[{"embeddable":true,"href":"https:\/\/coreat.vnlee.com\/es\/wp-json\/wp\/v2\/users\/1"}],"replies":[{"embeddable":true,"href":"https:\/\/coreat.vnlee.com\/es\/wp-json\/wp\/v2\/comments?post=33"}],"version-history":[{"count":28,"href":"https:\/\/coreat.vnlee.com\/es\/wp-json\/wp\/v2\/pages\/33\/revisions"}],"predecessor-version":[{"id":1045,"href":"https:\/\/coreat.vnlee.com\/es\/wp-json\/wp\/v2\/pages\/33\/revisions\/1045"}],"wp:attachment":[{"href":"https:\/\/coreat.vnlee.com\/es\/wp-json\/wp\/v2\/media?parent=33"}],"curies":[{"name":"wp","href":"https:\/\/api.w.org\/{rel}","templated":true}]}}